{"id":19,"date":"2025-10-16T13:41:21","date_gmt":"2025-10-16T13:41:21","guid":{"rendered":"https:\/\/magic-events-idf.fr\/?page_id=19"},"modified":"2026-02-13T07:44:35","modified_gmt":"2026-02-13T07:44:35","slug":"a-propos","status":"publish","type":"page","link":"https:\/\/magic-events-idf.fr\/index.php\/a-propos\/","title":{"rendered":"A propos"},"content":{"rendered":"\n<div class=\"wp-block-cover alignfull is-light\" style=\"min-height:300px;aspect-ratio:unset;\"><img loading=\"lazy\" decoding=\"async\" width=\"612\" height=\"408\" class=\"wp-block-cover__image-background wp-image-143 size-full\" alt=\"\" src=\"http:\/\/magic-events-idf.fr\/wp-content\/uploads\/2025\/10\/istockphoto-1192503181-612x612-1.jpg\" data-object-fit=\"cover\" srcset=\"https:\/\/magic-events-idf.fr\/wp-content\/uploads\/2025\/10\/istockphoto-1192503181-612x612-1.jpg 612w, https:\/\/magic-events-idf.fr\/wp-content\/uploads\/2025\/10\/istockphoto-1192503181-612x612-1-300x200.jpg 300w\" sizes=\"auto, (max-width: 612px) 100vw, 612px\" \/><span aria-hidden=\"true\" class=\"wp-block-cover__background has-black-background-color has-background-dim-10 has-background-dim\"><\/span><div class=\"wp-block-cover__inner-container has-global-padding is-layout-constrained wp-container-core-cover-is-layout-abb6fe41 wp-block-cover-is-layout-constrained\">\n<h2 class=\"wp-block-heading has-text-align-center has-text-color\" style=\"color:#ffffff;font-size:clamp(38.682px, 2.418rem + ((1vw - 3.2px) * 3.786), 72px);\">A Propos<\/h2>\n<\/div><\/div>\n\n\n\n<div class=\"wp-block-cover alignfull is-light has-text-color\" style=\"color:#eb6200;margin-top:0;margin-bottom:0;padding-top:80px;padding-bottom:80px\"><span aria-hidden=\"true\" class=\"wp-block-cover__background has-white-background-color has-background-dim-100 has-background-dim\"><\/span><div class=\"wp-block-cover__inner-container has-global-padding is-layout-constrained wp-container-core-cover-is-layout-d9e866fb wp-block-cover-is-layout-constrained\">\n<div class=\"wp-block-columns is-layout-flex wp-container-core-columns-is-layout-dab8da8d wp-block-columns-is-layout-flex\">\n<div class=\"wp-block-column is-vertically-aligned-bottom is-layout-flow wp-block-column-is-layout-flow\">\n<h2 class=\"wp-block-heading has-text-color\" style=\"color:#9b51e0;font-size:clamp(31.609px, 1.976rem + ((1vw - 3.2px) * 2.772), 56px);line-height:1.2\">&nbsp;Cr\u00e9ons ensemble des c\u00e9l\u00e9brations inoubliables<\/h2>\n\n\n\n<p class=\"has-text-color\" style=\"color:#9b51e0;margin-top:48px;font-size:clamp(14px, 0.875rem + ((1vw - 3.2px) * 0.682), 20px);line-height:1.4\">Chez Magic Events, je crois que chaque c\u00e9l\u00e9bration m\u00e9rite une touche de magie ! Ma passion est de transformer des espaces ordinaires en exp\u00e9riences extraordinaires gr\u00e2ce \u00e0 de magnifiques arches de ballons et d\u00e9corations personnalis\u00e9es. Je travaille en \u00e9troite collaboration avec vous pour comprendre votre vision et faire en sorte que chaque d\u00e9tail refl\u00e8te votre style. <strong>Bas\u00e9e en Seine-et-Marne, je me d\u00e9place \u00e9galement en \u00cele-de-France ainsi que dans les r\u00e9gions limitrophes<\/strong> pour donner vie \u00e0 vos plus beaux \u00e9v\u00e9nements. Qu&#8217; il s&#8217; agisse d&#8217;un anniversaire, d&#8217; un mariage ou d&#8217; un \u00e9v\u00e9nement d&#8217;entreprise, j&#8217; apporte joie et cr\u00e9ativit\u00e9 \u00e0 vos instants festifs. Laissez-moi donner vie \u00e0 vos r\u00eaves et cr\u00e9er des moments inoubliables que vous et vos invit\u00e9s ch\u00e9rirez \u00e0 jamais !<\/p>\n<\/div>\n\n\n\n<div class=\"wp-block-column is-layout-flow wp-block-column-is-layout-flow\">\n<figure class=\"wp-block-image aligncenter size-full has-custom-border\"><img loading=\"lazy\" decoding=\"async\" width=\"612\" height=\"408\" src=\"http:\/\/magic-events-idf.fr\/wp-content\/uploads\/2025\/10\/istockphoto-867023458-612x612-1.jpg\" alt=\"\" class=\"has-border-color wp-image-122\" style=\"border-color:#fbd3b6;border-width:3px;border-top-left-radius:50%;border-top-right-radius:50%;aspect-ratio:1;object-fit:cover\" srcset=\"https:\/\/magic-events-idf.fr\/wp-content\/uploads\/2025\/10\/istockphoto-867023458-612x612-1.jpg 612w, https:\/\/magic-events-idf.fr\/wp-content\/uploads\/2025\/10\/istockphoto-867023458-612x612-1-300x200.jpg 300w\" sizes=\"auto, (max-width: 612px) 100vw, 612px\" \/><\/figure>\n<\/div>\n<\/div>\n<\/div><\/div>\n\n\n\n<div class=\"wp-block-cover alignfull is-light\" style=\"margin-top:0;margin-bottom:0;padding-top:60px;padding-bottom:120px;min-height:611px;aspect-ratio:unset;\"><span aria-hidden=\"true\" class=\"wp-block-cover__background has-vivid-purple-background-color has-background-dim-70 has-background-dim\"><\/span><div class=\"wp-block-cover__inner-container has-global-padding is-layout-constrained wp-container-core-cover-is-layout-e7f716ee wp-block-cover-is-layout-constrained\">\n<p class=\"has-text-align-center has-text-color has-link-color has-x-large-font-size wp-elements-fed8d8a8472ecaa516ffbf8919a9320e\" style=\"color:#fefefe\">Qui suis-je ?<\/p>\n\n\n\n<p class=\"has-text-align-center has-text-color has-link-color wp-elements-a45b33498d4194a3a50e64b305569eb9\" style=\"color:#fefefe\">Magic Events est n\u00e9 d&#8217;une passion pour la f\u00eate et la cr\u00e9ativit\u00e9. Inspir\u00e9 par la joie des f\u00eates et des rassemblements, j&#8217;ai commenc\u00e9 \u00e0 cr\u00e9er de magnifiques arches de ballons pour apporter une touche d&#8217;originalit\u00e9 \u00e0 chaque \u00e9v\u00e9nement. Ce qui n&#8217;\u00e9tait au d\u00e9part qu&#8217;une petite passion s&#8217;est rapidement transform\u00e9 en une entreprise, gr\u00e2ce aux d\u00e9corations uniques pour leurs occasions sp\u00e9ciales. <strong>Bas\u00e9e en Seine-et-Marne, je me d\u00e9place \u00e9galement en \u00cele-de-France ainsi que dans les r\u00e9gions limitrophes.<\/strong> Aujourd&#8217;hui, je suis fi\u00e8re d&#8217;\u00eatre une r\u00e9f\u00e9rence en mati\u00e8re de d\u00e9coration \u00e9v\u00e9nementielle. Chaque arche de ballons que je cr\u00e9e raconte une histoire de bonheur et de convivialit\u00e9, et je m&#8217; engage \u00e0 rendre vos \u00e9v\u00e9nements inoubliables. Parce que chaque c\u00e9l\u00e9bration m\u00e9rite sa touche de magie&nbsp;!<\/p>\n\n\n\n<p><\/p>\n\n\n\n<div class=\"wp-block-columns are-vertically-aligned-center is-layout-flex wp-container-core-columns-is-layout-28f84493 wp-block-columns-is-layout-flex\">\n<div class=\"wp-block-column is-vertically-aligned-center is-layout-flow wp-block-column-is-layout-flow\">\n<figure class=\"wp-block-image aligncenter size-large is-resized\"><img loading=\"lazy\" decoding=\"async\" width=\"690\" height=\"1024\" src=\"http:\/\/magic-events-idf.fr\/wp-content\/uploads\/2025\/10\/20240812_103753-690x1024.jpg\" alt=\"\" class=\"wp-image-303\" style=\"width:132px;height:auto\" srcset=\"https:\/\/magic-events-idf.fr\/wp-content\/uploads\/2025\/10\/20240812_103753-690x1024.jpg 690w, https:\/\/magic-events-idf.fr\/wp-content\/uploads\/2025\/10\/20240812_103753-202x300.jpg 202w, https:\/\/magic-events-idf.fr\/wp-content\/uploads\/2025\/10\/20240812_103753-768x1139.jpg 768w, https:\/\/magic-events-idf.fr\/wp-content\/uploads\/2025\/10\/20240812_103753-1036x1536.jpg 1036w, https:\/\/magic-events-idf.fr\/wp-content\/uploads\/2025\/10\/20240812_103753-1381x2048.jpg 1381w, https:\/\/magic-events-idf.fr\/wp-content\/uploads\/2025\/10\/20240812_103753.jpg 1420w\" sizes=\"auto, (max-width: 690px) 100vw, 690px\" \/><\/figure>\n<\/div>\n<\/div>\n<\/div><\/div>\n\n\n\n<div class=\"wp-block-cover alignfull is-light has-text-color\" style=\"color:#eb6200;margin-top:0;margin-bottom:0;padding-top:80px;padding-bottom:80px\"><span aria-hidden=\"true\" class=\"wp-block-cover__background has-white-background-color has-background-dim-100 has-background-dim\"><\/span><div class=\"wp-block-cover__inner-container has-global-padding is-layout-constrained wp-container-core-cover-is-layout-d9e866fb wp-block-cover-is-layout-constrained\">\n<div class=\"wp-block-columns is-layout-flex wp-container-core-columns-is-layout-dab8da8d wp-block-columns-is-layout-flex\">\n<div class=\"wp-block-column is-layout-flow wp-block-column-is-layout-flow\">\n<figure class=\"wp-block-image size-full has-custom-border\"><img loading=\"lazy\" decoding=\"async\" width=\"853\" height=\"1280\" src=\"http:\/\/magic-events-idf.fr\/wp-content\/uploads\/2025\/10\/glitter-9297612_1280.jpg\" alt=\"\" class=\"has-border-color wp-image-118\" style=\"border-color:#fbd3b6;border-width:3px;border-top-left-radius:50%;border-top-right-radius:50%;aspect-ratio:1;object-fit:cover\" srcset=\"https:\/\/magic-events-idf.fr\/wp-content\/uploads\/2025\/10\/glitter-9297612_1280.jpg 853w, https:\/\/magic-events-idf.fr\/wp-content\/uploads\/2025\/10\/glitter-9297612_1280-200x300.jpg 200w, https:\/\/magic-events-idf.fr\/wp-content\/uploads\/2025\/10\/glitter-9297612_1280-682x1024.jpg 682w, https:\/\/magic-events-idf.fr\/wp-content\/uploads\/2025\/10\/glitter-9297612_1280-768x1152.jpg 768w\" sizes=\"auto, (max-width: 853px) 100vw, 853px\" \/><\/figure>\n<\/div>\n\n\n\n<div class=\"wp-block-column is-vertically-aligned-bottom has-text-color has-link-color wp-elements-bac9ccdda40b8dd93b1f7be56bcdbf78 is-layout-flow wp-block-column-is-layout-flow\" style=\"color:#9321c0\">\n<h2 class=\"wp-block-heading has-text-color\" style=\"color:#9b51e0;font-size:clamp(31.609px, 1.976rem + ((1vw - 3.2px) * 2.772), 56px);line-height:1.2;text-transform:none\">Comment&nbsp;nous vous soutenons ?<\/h2>\n\n\n\n<p class=\"has-text-color\" style=\"color:#9b51e0;margin-top:48px;font-size:clamp(14px, 0.875rem + ((1vw - 3.2px) * 0.682), 20px);line-height:1.4\">Chez Magic Events, je m&#8217;engage \u00e0 rendre votre c\u00e9l\u00e9bration vraiment sp\u00e9ciale. Je suis \u00e0 l&#8217;\u00e9coute de vos id\u00e9es et de vos r\u00eaves pour donner vie \u00e0 votre vision. Je suis d\u00e9vou\u00e9e, cr\u00e9ative et toujours pr\u00eate \u00e0 me surpasser. J&#8217;utilise des mat\u00e9riaux de haute qualit\u00e9 pour les arches de ballons, garantissant ainsi leur beaut\u00e9 et leur durabilit\u00e9 tout au long de votre \u00e9v\u00e9nement. Gr\u00e2ce \u00e0 mon service chaleureux et \u00e0 mon souci du d\u00e9tail, je mets tout en \u0153uvre pour que votre organisation soit fluide et agr\u00e9able. Votre bonheur est ma priorit\u00e9, et je suis l\u00e0 pour faire de vos c\u00e9l\u00e9brations des moments magiques&nbsp;!<\/p>\n<\/div>\n<\/div>\n<\/div><\/div>\n\n\n\n<div class=\"wp-block-buttons alignfull is-content-justification-center is-layout-flex wp-container-core-buttons-is-layout-a89b3969 wp-block-buttons-is-layout-flex\">\n<div class=\"wp-block-button has-custom-width wp-block-button__width-75\"><a class=\"wp-block-button__link has-text-color has-background has-link-color wp-element-button\" href=\"https:\/\/magic-events-idf.fr\/index.php\/contact\/\" style=\"color:#ffffff;background-color:#9b51e0;padding-top:var(--wp--preset--spacing--40);padding-right:0;padding-bottom:var(--wp--preset--spacing--40);padding-left:0\">Re\u00e7evez notre Book dans un d\u00e9lai de moins de 24h !<\/a><\/div>\n<\/div>\n\n\n\n<p><\/p>\n","protected":false},"excerpt":{"rendered":"","protected":false},"author":1,"featured_media":0,"parent":0,"menu_order":0,"comment_status":"closed","ping_status":"closed","template":"","meta":{"footnotes":""},"class_list":["post-19","page","type-page","status-publish","hentry"],"_links":{"self":[{"href":"https:\/\/magic-events-idf.fr\/index.php\/wp-json\/wp\/v2\/pages\/19","targetHints":{"allow":["GET"]}}],"collection":[{"href":"https:\/\/magic-events-idf.fr\/index.php\/wp-json\/wp\/v2\/pages"}],"about":[{"href":"https:\/\/magic-events-idf.fr\/index.php\/wp-json\/wp\/v2\/types\/page"}],"author":[{"embeddable":true,"href":"https:\/\/magic-events-idf.fr\/index.php\/wp-json\/wp\/v2\/users\/1"}],"replies":[{"embeddable":true,"href":"https:\/\/magic-events-idf.fr\/index.php\/wp-json\/wp\/v2\/comments?post=19"}],"version-history":[{"count":36,"href":"https:\/\/magic-events-idf.fr\/index.php\/wp-json\/wp\/v2\/pages\/19\/revisions"}],"predecessor-version":[{"id":423,"href":"https:\/\/magic-events-idf.fr\/index.php\/wp-json\/wp\/v2\/pages\/19\/revisions\/423"}],"wp:attachment":[{"href":"https:\/\/magic-events-idf.fr\/index.php\/wp-json\/wp\/v2\/media?parent=19"}],"curies":[{"name":"wp","href":"https:\/\/api.w.org\/{rel}","templated":true}]}}