{"id":48,"date":"2025-10-16T14:39:32","date_gmt":"2025-10-16T14:39:32","guid":{"rendered":"https:\/\/magic-events-idf.fr\/?page_id=48"},"modified":"2026-02-13T07:47:45","modified_gmt":"2026-02-13T07:47:45","slug":"service","status":"publish","type":"page","link":"https:\/\/magic-events-idf.fr\/index.php\/service\/","title":{"rendered":"Service"},"content":{"rendered":"\n<div class=\"wp-block-cover alignfull\" style=\"margin-top:0;margin-bottom:0;padding-top:0px;padding-bottom:80px;min-height:300px;aspect-ratio:unset;\"><img loading=\"lazy\" decoding=\"async\" width=\"1024\" height=\"682\" class=\"wp-block-cover__image-background wp-image-119 size-large\" alt=\"\" src=\"http:\/\/magic-events-idf.fr\/wp-content\/uploads\/2025\/10\/balloons-1869816_1280-1024x682.jpg\" data-object-fit=\"cover\" srcset=\"https:\/\/magic-events-idf.fr\/wp-content\/uploads\/2025\/10\/balloons-1869816_1280-1024x682.jpg 1024w, https:\/\/magic-events-idf.fr\/wp-content\/uploads\/2025\/10\/balloons-1869816_1280-300x200.jpg 300w, https:\/\/magic-events-idf.fr\/wp-content\/uploads\/2025\/10\/balloons-1869816_1280-768x512.jpg 768w, https:\/\/magic-events-idf.fr\/wp-content\/uploads\/2025\/10\/balloons-1869816_1280.jpg 1280w\" sizes=\"auto, (max-width: 1024px) 100vw, 1024px\" \/><span aria-hidden=\"true\" class=\"wp-block-cover__background has-black-background-color has-background-dim-20 has-background-dim\"><\/span><div class=\"wp-block-cover__inner-container has-global-padding is-layout-constrained wp-container-core-cover-is-layout-09f53ee7 wp-block-cover-is-layout-constrained\">\n<div style=\"height:150px\" aria-hidden=\"true\" class=\"wp-block-spacer\"><\/div>\n\n\n\n<h1 class=\"wp-block-heading has-text-align-center has-text-color has-link-color has-suranna-font-family wp-elements-b25ec2ee5f775367255916b562d8c00f\" style=\"color:#ffffff;font-size:clamp(38.682px, 2.418rem + ((1vw - 3.2px) * 3.786), 72px);font-style:normal;font-weight:500\">Nos Services<\/h1>\n<\/div><\/div>\n\n\n\n<div class=\"wp-block-group alignfull has-global-padding is-layout-constrained wp-container-core-group-is-layout-4383d167 wp-block-group-is-layout-constrained\">\n<div class=\"wp-block-columns alignfull is-layout-flex wp-container-core-columns-is-layout-28f84493 wp-block-columns-is-layout-flex\">\n<div class=\"wp-block-column is-vertically-aligned-center has-medium-font-size is-layout-flow wp-block-column-is-layout-flow\" style=\"flex-basis:100%\">\n<p class=\"has-text-align-center has-text-color has-link-color has-medium-font-size wp-elements-0a7f884c2d5cab562cc56787c00afd41\" style=\"color:#9b51e0\"><strong>Un service sur mesure, 100% personnalis\u00e9. <\/strong><\/p>\n\n\n\n<p class=\"has-text-align-center has-text-color has-link-color has-medium-font-size wp-elements-1d8c1abd93977fbbd2074fd2be62049b\" style=\"color:#9b51e0\"><strong>Chaque projet est unique, con\u00e7u avec passion et minutie.<\/strong><\/p>\n\n\n\n<p class=\"has-text-align-center has-text-color has-link-color has-medium-font-size wp-elements-e066d141e41017c14e71433087188985\" style=\"color:#9b51e0\"><strong> Je met tous mon savoir-faire au services de vos envies pour un r\u00e9sultat \u00e0 la hauteur de votre \u00e9v\u00e9nement.<\/strong><\/p>\n<\/div>\n<\/div>\n\n\n\n<div class=\"wp-block-group alignwide has-background has-global-padding is-layout-constrained wp-container-core-group-is-layout-5ff8a92b wp-block-group-is-layout-constrained\" style=\"background-color:#ffffff;margin-top:0;margin-bottom:0;padding-top:100px;padding-bottom:100px\">\n<div class=\"wp-block-columns is-layout-flex wp-container-core-columns-is-layout-92515837 wp-block-columns-is-layout-flex\">\n<div class=\"wp-block-column is-layout-flow wp-block-column-is-layout-flow\">\n<figure class=\"wp-block-image alignleft size-full is-resized\"><img loading=\"lazy\" decoding=\"async\" width=\"409\" height=\"612\" src=\"http:\/\/magic-events-idf.fr\/wp-content\/uploads\/2025\/10\/istockphoto-1441026897-612x612-1.jpg\" alt=\"\" class=\"wp-image-128\" style=\"width:379px;height:auto\" srcset=\"https:\/\/magic-events-idf.fr\/wp-content\/uploads\/2025\/10\/istockphoto-1441026897-612x612-1.jpg 409w, https:\/\/magic-events-idf.fr\/wp-content\/uploads\/2025\/10\/istockphoto-1441026897-612x612-1-200x300.jpg 200w\" sizes=\"auto, (max-width: 409px) 100vw, 409px\" \/><\/figure>\n<\/div>\n\n\n\n<div class=\"wp-block-column is-vertically-aligned-center has-global-padding is-content-justification-left is-layout-constrained wp-container-core-column-is-layout-12dd3699 wp-block-column-is-layout-constrained\">\n<h3 class=\"wp-block-heading has-text-align-left has-text-color has-suranna-font-family\" style=\"color:#9b51e0;margin-top:0.5rem;margin-bottom:0rem;font-size:clamp(24.034px, 1.502rem + ((1vw - 3.2px) * 1.814), 40px);font-style:normal;font-weight:500;letter-spacing:0px;line-height:1.3\">Arches de ballons &#8211; Quand la d\u00e9coration devient \u00e9motion<\/h3>\n\n\n\n<hr class=\"wp-block-separator has-alpha-channel-opacity\"\/>\n\n\n\n<p class=\"has-text-color has-link-color wp-elements-871b4b59c9a48290a8e8876a2776a215\" style=\"color:#9b51e0\">Mes magnifiques arches de ballons transforment n&#8217;importe quel espace en une exp\u00e9rience magique. Parfaites pour les anniversaires, les mariages ou les \u00e9v\u00e9nements d&#8217;entreprise, elles cr\u00e9ent un point focal vibrant que vos invit\u00e9s adoreront. Rendez votre \u00e9v\u00e9nement inoubliable&nbsp;!<\/p>\n\n\n\n<p class=\"has-text-color has-link-color wp-elements-f2a4b2c95fea964c6f70d57e1ef703e7\" style=\"color:#9b51e0\">Chaque arche de ballons est con\u00e7ue sur mesure pour s&#8217;harmoniser avec votre th\u00e8me et vos couleurs. Je m&#8217;occupe de tout, du montage au d\u00e9montage, pour une exp\u00e9rience sereine. Gr\u00e2ce \u00e0 ma cr\u00e9ativit\u00e9 et mon expertise, votre vision prend vie en toute beaut\u00e9&nbsp;!<\/p>\n\n\n\n<p class=\"has-text-color has-link-color wp-elements-9c367257f169d6bf4051ee4c5bdc9521\" style=\"color:#9b51e0\">Gr\u00e2ce \u00e0 des ballons de haute qualit\u00e9 et \u00e0 des techniques professionnelles, les arches sont non seulement attrayantes, mais aussi durables. Elles se dresseront fi\u00e8rement tout au long de votre \u00e9v\u00e9nement, \u00e9merveillant vos invit\u00e9s et immortalisant des moments inoubliables&nbsp;!<\/p>\n\n\n\n<p class=\"has-text-color has-link-color wp-elements-ebcdc498e07e9765a3fc1ecbd25bae73\" style=\"color:#9b51e0\">Qu&#8217;il s&#8217;agisse d&#8217;une entr\u00e9e remarqu\u00e9e ou d&#8217;un d\u00e9cor photo original, nos arches de ballons apportent joie et \u00e9motion. Faites confiance \u00e0 Magic Events pour donner vie \u00e0 vos id\u00e9es et cr\u00e9er une c\u00e9l\u00e9bration inoubliable&nbsp;!<\/p>\n\n\n\n<p class=\"has-text-color has-link-color wp-elements-028eb3985ac3cd3d901b5401b57bf6c5\" style=\"color:#9b51e0\">Pr\u00eat \u00e0 sublimer votre \u00e9v\u00e9nement ? Les arches de ballons sont \u00e0 port\u00e9e de main ! Laissez-moi vous aider \u00e0 cr\u00e9er l&#8217;ambiance id\u00e9ale, \u00e0 votre image, pour un jour inoubliable !<\/p>\n<\/div>\n<\/div>\n<\/div>\n<\/div>\n\n\n\n<div class=\"wp-block-group alignfull has-global-padding is-layout-constrained wp-container-core-group-is-layout-4383d167 wp-block-group-is-layout-constrained\">\n<div class=\"wp-block-group alignwide has-global-padding is-layout-constrained wp-container-core-group-is-layout-1be1424c wp-block-group-is-layout-constrained\" style=\"margin-top:0;margin-bottom:0;padding-bottom:100px\">\n<div class=\"wp-block-columns is-layout-flex wp-container-core-columns-is-layout-92515837 wp-block-columns-is-layout-flex\">\n<div class=\"wp-block-column is-vertically-aligned-center has-global-padding is-content-justification-left is-layout-constrained wp-container-core-column-is-layout-12dd3699 wp-block-column-is-layout-constrained\">\n<h3 class=\"wp-block-heading has-text-align-left has-text-color has-suranna-font-family\" style=\"color:#9b51e0;margin-top:0.5rem;margin-bottom:0rem;font-size:clamp(24.034px, 1.502rem + ((1vw - 3.2px) * 1.814), 40px);font-style:normal;font-weight:500;letter-spacing:0px;line-height:1.3\">Ballon Cadeau &#8211; L&#8217;art d&#8217;offrir autrement<\/h3>\n\n\n\n<hr class=\"wp-block-separator has-alpha-channel-opacity\"\/>\n\n\n\n<p class=\"has-text-color has-link-color has-pontano-sans-font-family wp-elements-5d2963a957756ef8331fda948436dba0\" style=\"color:#9b51e0;font-size:clamp(14px, 0.875rem + ((1vw - 3.2px) * 0.455), 18px);\">Les ravissants ballon cadeau apportent une touche de couleur et de gaiet\u00e9 \u00e0 toutes les occasions&nbsp;! Parfaits pour les centres de table, les cadeaux ou la d\u00e9coration, ils \u00e9gayent les espaces et apportent du sourire \u00e0 tous. Cr\u00e9ons de la joie ensemble&nbsp;!<\/p>\n\n\n\n<p class=\"has-text-color has-link-color wp-elements-c838b0ec9b876f55504ef96a6f68ac80\" style=\"color:#9b51e0\">Chaque ballons cadeaux est soigneusement con\u00e7u pour s&#8217;harmoniser avec le th\u00e8me et les couleurs de votre \u00e9v\u00e9nement. De l&#8217; \u00e9l\u00e9gant au ludique, je personnalise chaque d\u00e9tail pour qu&#8217;il s&#8217;harmonise parfaitement avec votre c\u00e9l\u00e9bration et la rende vraiment sp\u00e9ciale et unique&nbsp;!<\/p>\n\n\n\n<p class=\"has-text-color has-link-color wp-elements-b786ac9a47a54a23df7da746046a87c0\" style=\"color:#9b51e0\">Avec leur vari\u00e9t\u00e9 de tailles et de formes, les ballons cadeaux sont visuellement \u00e9poustouflants et con\u00e7us pour durer. Ils illumineront votre \u00e9v\u00e9nement et cr\u00e9eront des moments inoubliables, que ce soit pour un anniversaire, un mariage ou toute autre occasion festive&nbsp;!<\/p>\n\n\n\n<p class=\"has-text-color has-link-color wp-elements-c73c8576e2ba4909088589a4f487f67b\" style=\"color:#9b51e0\">Parfaits pour toutes les occasions, les ballons cadeaux se d\u00e9clinent en diff\u00e9rents styles, du plus classique au plus original. Laissez Magic Events apporter une touche de fantaisie \u00e0 votre c\u00e9l\u00e9bration, pour un moment inoubliable pour vous et vos invit\u00e9s&nbsp;!<\/p>\n\n\n\n<p class=\"has-text-color has-link-color has-pontano-sans-font-family wp-elements-de537857c39073c52ae93de780ef0b9a\" style=\"color:#9b51e0;font-size:clamp(14px, 0.875rem + ((1vw - 3.2px) * 0.455), 18px);\">Envie d&#8217; \u00e9gayer votre \u00e9v\u00e9nement ? Les ballons cadeaux apporteront joie et style ! Contactez-moi pour discuter de vos id\u00e9es et cr\u00e9ons ensemble de magnifiques compositions qui \u00e9merveilleront tout le monde !<\/p>\n<\/div>\n\n\n\n<div class=\"wp-block-column is-layout-flow wp-block-column-is-layout-flow\">\n<figure class=\"wp-block-image alignright size-full\"><img loading=\"lazy\" decoding=\"async\" width=\"1908\" height=\"2560\" src=\"http:\/\/magic-events-idf.fr\/wp-content\/uploads\/2025\/10\/1000015067-scaled.jpg\" alt=\"\" class=\"wp-image-248\" style=\"aspect-ratio:3\/4;object-fit:cover\" srcset=\"https:\/\/magic-events-idf.fr\/wp-content\/uploads\/2025\/10\/1000015067-scaled.jpg 1908w, https:\/\/magic-events-idf.fr\/wp-content\/uploads\/2025\/10\/1000015067-224x300.jpg 224w, https:\/\/magic-events-idf.fr\/wp-content\/uploads\/2025\/10\/1000015067-763x1024.jpg 763w, https:\/\/magic-events-idf.fr\/wp-content\/uploads\/2025\/10\/1000015067-768x1030.jpg 768w, https:\/\/magic-events-idf.fr\/wp-content\/uploads\/2025\/10\/1000015067-1145x1536.jpg 1145w, https:\/\/magic-events-idf.fr\/wp-content\/uploads\/2025\/10\/1000015067-1527x2048.jpg 1527w\" sizes=\"auto, (max-width: 1908px) 100vw, 1908px\" \/><\/figure>\n\n\n\n<figure class=\"wp-block-image alignright size-full\"><img loading=\"lazy\" decoding=\"async\" width=\"408\" height=\"612\" src=\"http:\/\/magic-events-idf.fr\/wp-content\/uploads\/2025\/10\/istockphoto-2194928264-612x612-1.jpg\" alt=\"\" class=\"wp-image-249\" style=\"aspect-ratio:2\/3;object-fit:cover\" srcset=\"https:\/\/magic-events-idf.fr\/wp-content\/uploads\/2025\/10\/istockphoto-2194928264-612x612-1.jpg 408w, https:\/\/magic-events-idf.fr\/wp-content\/uploads\/2025\/10\/istockphoto-2194928264-612x612-1-200x300.jpg 200w\" sizes=\"auto, (max-width: 408px) 100vw, 408px\" \/><\/figure>\n<\/div>\n<\/div>\n<\/div>\n<\/div>\n\n\n\n<div class=\"wp-block-group alignfull has-global-padding is-layout-constrained wp-container-core-group-is-layout-4383d167 wp-block-group-is-layout-constrained\">\n<div class=\"wp-block-group alignwide has-global-padding is-layout-constrained wp-container-core-group-is-layout-1be1424c wp-block-group-is-layout-constrained\" style=\"margin-top:0;margin-bottom:0;padding-bottom:100px\">\n<div class=\"wp-block-columns is-layout-flex wp-container-core-columns-is-layout-92515837 wp-block-columns-is-layout-flex\">\n<div class=\"wp-block-column is-layout-flow wp-block-column-is-layout-flow\">\n<figure class=\"wp-block-image alignleft size-full\"><img loading=\"lazy\" decoding=\"async\" width=\"750\" height=\"601\" src=\"http:\/\/magic-events-idf.fr\/wp-content\/uploads\/2025\/10\/Screenshot_20250515_202856_Google.jpg\" alt=\"\" class=\"wp-image-259\" srcset=\"https:\/\/magic-events-idf.fr\/wp-content\/uploads\/2025\/10\/Screenshot_20250515_202856_Google.jpg 750w, https:\/\/magic-events-idf.fr\/wp-content\/uploads\/2025\/10\/Screenshot_20250515_202856_Google-300x240.jpg 300w\" sizes=\"auto, (max-width: 750px) 100vw, 750px\" \/><\/figure>\n<\/div>\n\n\n\n<div class=\"wp-block-column is-vertically-aligned-center has-global-padding is-content-justification-left is-layout-constrained wp-container-core-column-is-layout-12dd3699 wp-block-column-is-layout-constrained\">\n<h3 class=\"wp-block-heading has-text-align-left has-text-color has-suranna-font-family\" style=\"color:#9b51e0;margin-top:0.5rem;margin-bottom:0rem;font-size:clamp(24.034px, 1.502rem + ((1vw - 3.2px) * 1.814), 40px);font-style:normal;font-weight:500;letter-spacing:0px;line-height:1.3\">La Maison \u00e0 Bulle &#8211; L&#8217;exp\u00e9rience magique<\/h3>\n\n\n\n<hr class=\"wp-block-separator has-alpha-channel-opacity\"\/>\n\n\n\n<p class=\"has-text-color has-link-color has-pontano-sans-font-family wp-elements-612e57da702e73928e9c4ffa3245b7e6\" style=\"color:#9b51e0;font-size:clamp(14px, 0.875rem + ((1vw - 3.2px) * 0.455), 18px);\">Chez Magic Events, chaque c\u00e9l\u00e9bration m\u00e9rite une touche d&#8217;\u00e9merveillement. C&#8217;est dans cet eprit qu&#8217;est n\u00e9e la Maison \u00e0 Bulle, une structure \u00e9l\u00e9gante et transparente qui transforme chaque \u00e9v\u00e9nement en un moment hors du temps. Plus qu&#8217;une simple d\u00e9co, c&#8217;est un v\u00e9ritable cocon magique, parfais pour sublimer vos plus beaux instants et cr\u00e9er des souvenirs inoubliables.<\/p>\n\n\n\n<p class=\"has-text-color has-link-color has-pontano-sans-font-family wp-elements-7f18a72a92999d1956dcd035773ea59b\" style=\"color:#9b51e0;font-size:clamp(14px, 0.875rem + ((1vw - 3.2px) * 0.455), 18px);\">Une bulle de r\u00eave pour toutes vos occasion; mariage, anniversaire, baby shower, bapt\u00eame, soir\u00e9e priv\u00e9e ou \u00e9v\u00e9nement professionnel&#8230; La maison \u00e0 Bulle s&#8217;adapte \u00e0 toutes les c\u00e9l\u00e9bration et \u00e0 tous les univers. Gr\u00e2ce \u00e0 sa structure lumineuse et a\u00e9rienne, elle se personnalise \u00e0 l&#8217;infini. Qu&#8217;elle serve de coin photo ou de mise en sc\u00e8ne centrale, la maison \u00e0 Bulle apporte une touche unique, moderne et f\u00e9erique \u00e0 votre \u00e9v\u00e9nement.<\/p>\n\n\n\n<p class=\"has-text-color has-link-color has-pontano-sans-font-family wp-elements-73dff183060de9be8ed86768d4437281\" style=\"color:#9b51e0;font-size:clamp(14px, 0.875rem + ((1vw - 3.2px) * 0.455), 18px);\">Prestation cl\u00e9 en main, votre tranquillit\u00e9 est ma priorit\u00e9. Je m&#8217;occupe de tout, installation, d\u00e9coration personnalis\u00e9e, d\u00e9montage, pour une exp\u00e9rience sereine. Vous n&#8217;avez qu&#8217;\u00e0 profiter de votre moment et savourer la magie de l&#8217;instant.<\/p>\n<\/div>\n<\/div>\n<\/div>\n\n\n\n<div class=\"wp-block-group alignwide has-global-padding is-layout-constrained wp-container-core-group-is-layout-1be1424c wp-block-group-is-layout-constrained\" style=\"margin-top:0;margin-bottom:0;padding-bottom:100px\">\n<div class=\"wp-block-columns is-layout-flex wp-container-core-columns-is-layout-92515837 wp-block-columns-is-layout-flex\">\n<div class=\"wp-block-column is-vertically-aligned-center has-global-padding is-content-justification-left is-layout-constrained wp-container-core-column-is-layout-12dd3699 wp-block-column-is-layout-constrained\">\n<h3 class=\"wp-block-heading has-text-align-left has-text-color has-suranna-font-family\" style=\"color:#9b51e0;margin-top:0.5rem;margin-bottom:0rem;font-size:clamp(24.034px, 1.502rem + ((1vw - 3.2px) * 1.814), 40px);font-style:normal;font-weight:500;letter-spacing:0px;line-height:1.3\">Personnalisation sur Plexiglass &#8211; L&#8217;\u00e9l\u00e9gance du d\u00e9tail<\/h3>\n\n\n\n<hr class=\"wp-block-separator has-alpha-channel-opacity\"\/>\n\n\n\n<p class=\"has-text-color has-link-color has-pontano-sans-font-family wp-elements-aef9f16f9ffc3040253df3013b805929\" style=\"color:#9b51e0;font-size:clamp(14px, 0.875rem + ((1vw - 3.2px) * 0.455), 18px);\">Chez Magic Events, chaque d\u00e9tail compte pour rendre vos \u00e9v\u00e9nements vraiment uniques. Je r\u00e9alise la personnalisation de support en plexiglass \u00e0 l&#8217;aide de stickers d\u00e9coup\u00e9s avec pr\u00e9cision, pour un rendu propore, raffin\u00e9 et durable.<\/p>\n\n\n\n<p class=\"has-text-color has-link-color wp-elements-2bef1da9f1723cd145bc2b4fdd8e77b6\" style=\"color:#9b51e0\">Que ce soit pour un panneau de bienvenue, un plan de table, un menu, ou encore un cadeau personnalis\u00e9, la cr\u00e9ation sur plexiglass apporte une touche moderne et \u00e9l\u00e9gante \u00e0 votre d\u00e9coration. Chaque pi\u00e8ce est r\u00e9alis\u00e9e sur mesure, selon votre th\u00e8me, vos couleurs et votre typographie pr\u00e9f\u00e9r\u00e9e.Du design \u00e0 la d\u00e9coupe, tout est pens\u00e9 pour que chaque \u00e9l\u00e9ment s&#8217;accorde parfaitement \u00e0 l&#8217;ambiance de votre \u00e9v\u00e9nement. <\/p>\n\n\n\n<p class=\"has-text-color has-link-color wp-elements-110a10ca0920a948efe7c84f519dc945\" style=\"color:#9b51e0\">En associant cr\u00e9ativit\u00e9 et pr\u00e9cision, je transforme de simple support transparents en v\u00e9ritables \u00e9l\u00e9ments de d\u00e9cor, qui attire le regard et subliment vos espaces.<\/p>\n<\/div>\n\n\n\n<div class=\"wp-block-column is-layout-flow wp-block-column-is-layout-flow\">\n<figure class=\"wp-block-image alignright size-full\"><img loading=\"lazy\" decoding=\"async\" width=\"1440\" height=\"2560\" src=\"http:\/\/magic-events-idf.fr\/wp-content\/uploads\/2025\/10\/20251027_145702-scaled.jpg\" alt=\"\" class=\"wp-image-264\" style=\"aspect-ratio:9\/16;object-fit:cover\" srcset=\"https:\/\/magic-events-idf.fr\/wp-content\/uploads\/2025\/10\/20251027_145702-scaled.jpg 1440w, https:\/\/magic-events-idf.fr\/wp-content\/uploads\/2025\/10\/20251027_145702-169x300.jpg 169w, https:\/\/magic-events-idf.fr\/wp-content\/uploads\/2025\/10\/20251027_145702-576x1024.jpg 576w, https:\/\/magic-events-idf.fr\/wp-content\/uploads\/2025\/10\/20251027_145702-768x1365.jpg 768w, https:\/\/magic-events-idf.fr\/wp-content\/uploads\/2025\/10\/20251027_145702-864x1536.jpg 864w, https:\/\/magic-events-idf.fr\/wp-content\/uploads\/2025\/10\/20251027_145702-1152x2048.jpg 1152w\" sizes=\"auto, (max-width: 1440px) 100vw, 1440px\" \/><\/figure>\n<\/div>\n<\/div>\n<\/div>\n\n\n\n<div class=\"wp-block-buttons alignfull is-content-justification-center is-layout-flex wp-container-core-buttons-is-layout-a89b3969 wp-block-buttons-is-layout-flex\">\n<div class=\"wp-block-button has-custom-width wp-block-button__width-75\"><a class=\"wp-block-button__link has-text-color has-background has-link-color wp-element-button\" href=\"https:\/\/magic-events-idf.fr\/index.php\/contact\/\" style=\"color:#ffffff;background-color:#9b51e0;padding-top:var(--wp--preset--spacing--40);padding-right:0;padding-bottom:var(--wp--preset--spacing--40);padding-left:0\">Re\u00e7evez notre Book dans un d\u00e9lai de moins de 24h !<\/a><\/div>\n<\/div>\n\n\n\n<p><\/p>\n<\/div>\n\n\n\n<section class=\"wp-block-cover alignfull is-light\" style=\"margin-top:0px;padding-top:1.01rem;padding-bottom:1.01rem;min-height:430px;aspect-ratio:unset;\"><img loading=\"lazy\" decoding=\"async\" width=\"612\" height=\"408\" class=\"wp-block-cover__image-background wp-image-108 size-full\" alt=\"\" src=\"http:\/\/magic-events-idf.fr\/wp-content\/uploads\/2025\/10\/istockphoto-1497181064-612x612-1.jpg\" style=\"object-position:50% 12%\" data-object-fit=\"cover\" data-object-position=\"50% 12%\" srcset=\"https:\/\/magic-events-idf.fr\/wp-content\/uploads\/2025\/10\/istockphoto-1497181064-612x612-1.jpg 612w, https:\/\/magic-events-idf.fr\/wp-content\/uploads\/2025\/10\/istockphoto-1497181064-612x612-1-300x200.jpg 300w\" sizes=\"auto, (max-width: 612px) 100vw, 612px\" \/><span aria-hidden=\"true\" class=\"wp-block-cover__background has-white-background-color has-background-dim-30 has-background-dim\"><\/span><div class=\"wp-block-cover__inner-container has-global-padding is-layout-constrained wp-container-core-cover-is-layout-b1bebcb3 wp-block-cover-is-layout-constrained\">\n<div class=\"wp-block-group has-text-color has-global-padding is-layout-constrained wp-container-core-group-is-layout-5d26fa1e wp-block-group-is-layout-constrained\" style=\"color:#fffffd;margin-top:0px;padding-top:0rem;padding-right:1rem;padding-bottom:0rem;padding-left:1rem;font-size:clamp(0.875rem, 0.875rem + ((1vw - 0.2rem) * 0.464), 1.13rem);font-style:normal;font-weight:400;line-height:1.4\">\n<p class=\"has-text-align-center has-text-color has-link-color has-large-font-size wp-elements-84b89dc63d648aba9f25d4aae0bc605e\" style=\"color:#9b51e0\">Cr\u00e9er des moments inoubliables est notre passion. Votre joie est notre plus belle r\u00e9compense !<\/p>\n<\/div>\n<\/div><\/section>\n\n\n\n<p><\/p>\n","protected":false},"excerpt":{"rendered":"<p>Un service sur mesure, 100% personnalis\u00e9. Chaque projet est unique, con\u00e7u avec passion et minutie. Je met tous mon savoir-faire au services de vos envies pour un r\u00e9sultat \u00e0 la hauteur de votre \u00e9v\u00e9nement. Arches de ballons &#8211; Quand la d\u00e9coration devient \u00e9motion Mes magnifiques arches de ballons transforment n&#8217;importe quel espace en une exp\u00e9rience [&hellip;]<\/p>\n","protected":false},"author":1,"featured_media":0,"parent":0,"menu_order":0,"comment_status":"closed","ping_status":"closed","template":"","meta":{"footnotes":""},"class_list":["post-48","page","type-page","status-publish","hentry"],"_links":{"self":[{"href":"https:\/\/magic-events-idf.fr\/index.php\/wp-json\/wp\/v2\/pages\/48","targetHints":{"allow":["GET"]}}],"collection":[{"href":"https:\/\/magic-events-idf.fr\/index.php\/wp-json\/wp\/v2\/pages"}],"about":[{"href":"https:\/\/magic-events-idf.fr\/index.php\/wp-json\/wp\/v2\/types\/page"}],"author":[{"embeddable":true,"href":"https:\/\/magic-events-idf.fr\/index.php\/wp-json\/wp\/v2\/users\/1"}],"replies":[{"embeddable":true,"href":"https:\/\/magic-events-idf.fr\/index.php\/wp-json\/wp\/v2\/comments?post=48"}],"version-history":[{"count":47,"href":"https:\/\/magic-events-idf.fr\/index.php\/wp-json\/wp\/v2\/pages\/48\/revisions"}],"predecessor-version":[{"id":424,"href":"https:\/\/magic-events-idf.fr\/index.php\/wp-json\/wp\/v2\/pages\/48\/revisions\/424"}],"wp:attachment":[{"href":"https:\/\/magic-events-idf.fr\/index.php\/wp-json\/wp\/v2\/media?parent=48"}],"curies":[{"name":"wp","href":"https:\/\/api.w.org\/{rel}","templated":true}]}}